{"id":14,"date":"2026-04-20T10:20:32","date_gmt":"2026-04-20T10:20:32","guid":{"rendered":"https:\/\/polleriatoni2022.rkinformatika.online\/?page_id=14"},"modified":"2026-04-23T15:52:57","modified_gmt":"2026-04-23T15:52:57","slug":"contacto","status":"publish","type":"page","link":"https:\/\/polleriatoni2022.com\/en\/contacto\/","title":{"rendered":"Contact"},"content":{"rendered":"\t\t<div data-elementor-type=\"wp-page\" data-elementor-id=\"14\" class=\"elementor elementor-14\" data-elementor-post-type=\"page\">\n\t\t\t\t<div class=\"elementor-element elementor-element-bca8b73 e-flex e-con-boxed e-con e-parent\" data-id=\"bca8b73\" data-element_type=\"container\" data-e-type=\"container\" data-settings=\"{&quot;background_background&quot;:&quot;classic&quot;}\">\n\t\t\t\t\t<div class=\"e-con-inner\">\n\t\t\t\t\t<\/div>\n\t\t\t\t<\/div>\n\t\t<div class=\"elementor-element elementor-element-1ef2d93 e-flex e-con-boxed e-con e-parent\" data-id=\"1ef2d93\" data-element_type=\"container\" data-e-type=\"container\">\n\t\t\t\t\t<div class=\"e-con-inner\">\n\t\t<div class=\"elementor-element elementor-element-6d26b17 e-con-full animated-slow e-flex elementor-invisible e-con e-child\" data-id=\"6d26b17\" data-element_type=\"container\" data-e-type=\"container\" data-settings=\"{&quot;animation&quot;:&quot;fadeInRight&quot;,&quot;background_background&quot;:&quot;classic&quot;}\">\n\t\t\t\t<div class=\"elementor-element elementor-element-5efe9f2 elementor-widget elementor-widget-text-editor\" data-id=\"5efe9f2\" data-element_type=\"widget\" data-e-type=\"widget\" data-widget_type=\"text-editor.default\">\n\t\t\t\t\t\t\t\t\t<p>Completa el formulario y te contactaremos muy pronto.<\/p>\t\t\t\t\t\t\t\t<\/div>\n\t\t\t\t<div class=\"elementor-element elementor-element-751f14f elementor-button-align-start elementor-widget__width-initial elementor-widget elementor-widget-form\" data-id=\"751f14f\" data-element_type=\"widget\" data-e-type=\"widget\" data-settings=\"{&quot;button_width&quot;:&quot;50&quot;,&quot;step_next_label&quot;:&quot;Next&quot;,&quot;step_previous_label&quot;:&quot;Previous&quot;,&quot;step_type&quot;:&quot;number_text&quot;,&quot;step_icon_shape&quot;:&quot;circle&quot;}\" data-widget_type=\"form.default\">\n\t\t\t\t\t\t\t<form class=\"elementor-form\" method=\"post\" name=\"Contacto ContactoPage\" aria-label=\"Contacto ContactoPage\">\n\t\t\t<input type=\"hidden\" name=\"post_id\" value=\"14\"\/>\n\t\t\t<input type=\"hidden\" name=\"form_id\" value=\"751f14f\"\/>\n\t\t\t<input type=\"hidden\" name=\"referer_title\" value=\"Contacto - Poller\u00eda To\u00f1i\" \/>\n\n\t\t\t\t\t\t\t<input type=\"hidden\" name=\"queried_id\" value=\"14\"\/>\n\t\t\t\n\t\t\t<div class=\"elementor-form-fields-wrapper elementor-labels-\">\n\t\t\t\t\t\t\t\t<div class=\"elementor-field-type-text elementor-field-group elementor-column elementor-field-group-name elementor-col-100 elementor-field-required\">\n\t\t\t\t\t\t\t\t\t\t\t\t<label for=\"form-field-name\" class=\"elementor-field-label elementor-screen-only\">\n\t\t\t\t\t\t\t\tName\t\t\t\t\t\t\t<\/label>\n\t\t\t\t\t\t\t\t\t\t\t\t\t\t<input size=\"1\" type=\"text\" name=\"form_fields[name]\" id=\"form-field-name\" class=\"elementor-field elementor-size-sm  elementor-field-textual\" placeholder=\"Nombre\" required=\"required\">\n\t\t\t\t\t\t\t\t\t\t\t<\/div>\n\t\t\t\t\t\t\t\t<div class=\"elementor-field-type-email elementor-field-group elementor-column elementor-field-group-email elementor-col-100 elementor-field-required\">\n\t\t\t\t\t\t\t\t\t\t\t\t<label for=\"form-field-email\" class=\"elementor-field-label elementor-screen-only\">\n\t\t\t\t\t\t\t\tEmail\t\t\t\t\t\t\t<\/label>\n\t\t\t\t\t\t\t\t\t\t\t\t\t\t<input size=\"1\" type=\"email\" name=\"form_fields[email]\" id=\"form-field-email\" class=\"elementor-field elementor-size-sm  elementor-field-textual\" placeholder=\"Email\" required=\"required\">\n\t\t\t\t\t\t\t\t\t\t\t<\/div>\n\t\t\t\t\t\t\t\t<div class=\"elementor-field-type-tel elementor-field-group elementor-column elementor-field-group-movil elementor-col-100 elementor-field-required\">\n\t\t\t\t\t\t\t\t\t\t\t\t<label for=\"form-field-movil\" class=\"elementor-field-label elementor-screen-only\">\n\t\t\t\t\t\t\t\tM\u00f3vil\t\t\t\t\t\t\t<\/label>\n\t\t\t\t\t\t\t\t<input size=\"1\" type=\"tel\" name=\"form_fields[movil]\" id=\"form-field-movil\" class=\"elementor-field elementor-size-sm  elementor-field-textual\" placeholder=\"M\u00f3vil\" required=\"required\" pattern=\"[0-9()#&amp;+*-=.]+\" title=\"Solo se aceptan n\u00fameros y caracteres de tel\u00e9fono (#,-,*,etc).\">\n\n\t\t\t\t\t\t<\/div>\n\t\t\t\t\t\t\t\t<div class=\"elementor-field-type-textarea elementor-field-group elementor-column elementor-field-group-field_5d08d9b elementor-col-100 elementor-field-required\">\n\t\t\t\t\t\t\t\t\t\t\t\t<label for=\"form-field-field_5d08d9b\" class=\"elementor-field-label elementor-screen-only\">\n\t\t\t\t\t\t\t\tMensaje\t\t\t\t\t\t\t<\/label>\n\t\t\t\t\t\t<textarea class=\"elementor-field-textual elementor-field  elementor-size-sm\" name=\"form_fields[field_5d08d9b]\" id=\"form-field-field_5d08d9b\" rows=\"4\" placeholder=\"Mensaje\" required=\"required\"><\/textarea>\t\t\t\t<\/div>\n\t\t\t\t\t\t\t\t<div class=\"elementor-field-type-checkbox elementor-field-group elementor-column elementor-field-group-field_5de6374 elementor-col-100\">\n\t\t\t\t\t\t\t\t\t\t\t\t<label for=\"form-field-field_5de6374\" class=\"elementor-field-label elementor-screen-only\">\n\t\t\t\t\t\t\t\tHe Le\u00eddo \t\t\t\t\t\t\t<\/label>\n\t\t\t\t\t\t<div class=\"elementor-field-subgroup  \"><span class=\"elementor-field-option\"><input type=\"checkbox\" value=\"He le\u00eddo y acepto la Politica de Privacidad\" id=\"form-field-field_5de6374-0\" name=\"form_fields[field_5de6374]\"> <label for=\"form-field-field_5de6374-0\">He le\u00eddo y acepto la Politica de Privacidad<\/label><\/span><\/div>\t\t\t\t<\/div>\n\t\t\t\t\t\t\t\t<div class=\"elementor-field-type-html elementor-field-group elementor-column elementor-field-group-field_3c2297f elementor-col-100\">\n\t\t\t\t\t<a href=\"\/politicas-de-cookies\"\n   onclick=\"window.open(this.href,'privacidad','width=800,height=600'); return false;\"\n   style=\"text-decoration: none;\">\nVer Pol\u00edtica de Privacidad\n<\/a>\t\t\t\t<\/div>\n\t\t\t\t\t\t\t\t<div class=\"elementor-field-type-recaptcha_v3 elementor-field-group elementor-column elementor-field-group-field_9e00c78 elementor-col-100 recaptcha_v3-bottomright\">\n\t\t\t\t\t<div class=\"elementor-field\" id=\"form-field-field_9e00c78\"><div class=\"elementor-g-recaptcha\" data-sitekey=\"6LeTHbwsAAAAAN1uY8ZRJwN_dw9XYtZa5ODR6SIe\" data-type=\"v3\" data-action=\"Form\" data-badge=\"bottomright\" data-size=\"invisible\"><\/div><\/div>\t\t\t\t<\/div>\n\t\t\t\t\t\t\t\t<div class=\"elementor-field-group elementor-column elementor-field-type-submit elementor-col-50 e-form__buttons\">\n\t\t\t\t\t<button class=\"elementor-button elementor-size-sm\" type=\"submit\">\n\t\t\t\t\t\t<span class=\"elementor-button-content-wrapper\">\n\t\t\t\t\t\t\t\t\t\t\t\t\t\t\t<span class=\"elementor-button-icon\">\n\t\t\t\t\t\t\t\t\t<svg aria-hidden=\"true\" class=\"e-font-icon-svg e-fas-rocket\" viewBox=\"0 0 512 512\" xmlns=\"http:\/\/www.w3.org\/2000\/svg\"><path d=\"M505.12019,19.09375c-1.18945-5.53125-6.65819-11-12.207-12.1875C460.716,0,435.507,0,410.40747,0,307.17523,0,245.26909,55.20312,199.05238,128H94.83772c-16.34763.01562-35.55658,11.875-42.88664,26.48438L2.51562,253.29688A28.4,28.4,0,0,0,0,264a24.00867,24.00867,0,0,0,24.00582,24H127.81618l-22.47457,22.46875c-11.36521,11.36133-12.99607,32.25781,0,45.25L156.24582,406.625c11.15623,11.1875,32.15619,13.15625,45.27726,0l22.47457-22.46875V488a24.00867,24.00867,0,0,0,24.00581,24,28.55934,28.55934,0,0,0,10.707-2.51562l98.72834-49.39063c14.62888-7.29687,26.50776-26.5,26.50776-42.85937V312.79688c72.59753-46.3125,128.03493-108.40626,128.03493-211.09376C512.07526,76.5,512.07526,51.29688,505.12019,19.09375ZM384.04033,168A40,40,0,1,1,424.05,128,40.02322,40.02322,0,0,1,384.04033,168Z\"><\/path><\/svg>\t\t\t\t\t\t\t\t\t\t\t\t\t\t\t\t\t<\/span>\n\t\t\t\t\t\t\t\t\t\t\t\t\t\t\t\t\t\t\t\t\t\t<span class=\"elementor-button-text\">Hablemos ahora<\/span>\n\t\t\t\t\t\t\t\t\t\t\t\t\t<\/span>\n\t\t\t\t\t<\/button>\n\t\t\t\t<\/div>\n\t\t\t<\/div>\n\t\t<\/form>\n\t\t\t\t\t\t<\/div>\n\t\t\t\t<\/div>\n\t\t<div class=\"elementor-element elementor-element-531f7d7 e-con-full animated-slow e-flex elementor-invisible e-con e-child\" data-id=\"531f7d7\" data-element_type=\"container\" data-e-type=\"container\" data-settings=\"{&quot;background_background&quot;:&quot;classic&quot;,&quot;animation&quot;:&quot;fadeInLeft&quot;}\">\n\t\t\t\t<div class=\"elementor-element elementor-element-20467c7 elementor-widget__width-inherit elementor-widget elementor-widget-heading\" data-id=\"20467c7\" data-element_type=\"widget\" data-e-type=\"widget\" data-widget_type=\"heading.default\">\n\t\t\t\t\t<h2 class=\"elementor-heading-title elementor-size-default\">Informaci\u00f3n General<\/h2>\t\t\t\t<\/div>\n\t\t\t\t<div class=\"elementor-element elementor-element-f226263 elementor-widget__width-inherit elementor-widget elementor-widget-heading\" data-id=\"f226263\" data-element_type=\"widget\" data-e-type=\"widget\" data-widget_type=\"heading.default\">\n\t\t\t\t\t<h2 class=\"elementor-heading-title elementor-size-default\">Tel\u00e9fono<\/h2>\t\t\t\t<\/div>\n\t\t\t\t<div class=\"elementor-element elementor-element-2076929 elementor-widget elementor-widget-heading\" data-id=\"2076929\" data-element_type=\"widget\" data-e-type=\"widget\" data-widget_type=\"heading.default\">\n\t\t\t\t\t<h2 class=\"elementor-heading-title elementor-size-default\"><a href=\"tel:%20+34%20916%20144%20355\">+34 916 144 355<\/a><\/h2>\t\t\t\t<\/div>\n\t\t\t\t<div class=\"elementor-element elementor-element-cc68534 elementor-widget-divider--view-line elementor-widget elementor-widget-divider\" data-id=\"cc68534\" data-element_type=\"widget\" data-e-type=\"widget\" data-widget_type=\"divider.default\">\n\t\t\t\t\t\t\t<div class=\"elementor-divider\">\n\t\t\t<span class=\"elementor-divider-separator\">\n\t\t\t\t\t\t<\/span>\n\t\t<\/div>\n\t\t\t\t\t\t<\/div>\n\t\t\t\t<div class=\"elementor-element elementor-element-d93f7c3 elementor-widget__width-inherit elementor-widget elementor-widget-heading\" data-id=\"d93f7c3\" data-element_type=\"widget\" data-e-type=\"widget\" data-widget_type=\"heading.default\">\n\t\t\t\t\t<h2 class=\"elementor-heading-title elementor-size-default\">Email<\/h2>\t\t\t\t<\/div>\n\t\t\t\t<div class=\"elementor-element elementor-element-392a166 elementor-widget elementor-widget-heading\" data-id=\"392a166\" data-element_type=\"widget\" data-e-type=\"widget\" data-widget_type=\"heading.default\">\n\t\t\t\t\t<h2 class=\"elementor-heading-title elementor-size-default\"><a href=\"mailto:jutodime@hotmail.es\">jutodime@hotmail.es<\/a><\/h2>\t\t\t\t<\/div>\n\t\t\t\t<div class=\"elementor-element elementor-element-26a9459 elementor-widget-divider--view-line elementor-widget elementor-widget-divider\" data-id=\"26a9459\" data-element_type=\"widget\" data-e-type=\"widget\" data-widget_type=\"divider.default\">\n\t\t\t\t\t\t\t<div class=\"elementor-divider\">\n\t\t\t<span class=\"elementor-divider-separator\">\n\t\t\t\t\t\t<\/span>\n\t\t<\/div>\n\t\t\t\t\t\t<\/div>\n\t\t\t\t<div class=\"elementor-element elementor-element-88c37f7 elementor-widget__width-inherit elementor-widget elementor-widget-heading\" data-id=\"88c37f7\" data-element_type=\"widget\" data-e-type=\"widget\" data-widget_type=\"heading.default\">\n\t\t\t\t\t<h2 class=\"elementor-heading-title elementor-size-default\">Direcci\u00f3n<\/h2>\t\t\t\t<\/div>\n\t\t\t\t<div class=\"elementor-element elementor-element-fcac66c elementor-widget elementor-widget-heading\" data-id=\"fcac66c\" data-element_type=\"widget\" data-e-type=\"widget\" data-widget_type=\"heading.default\">\n\t\t\t\t\t<h2 class=\"elementor-heading-title elementor-size-default\">Galer\u00eda Cuatro Caminos, puesto 64, Av. del dos de Mayo, 24, 28934 M\u00f3stoles, Madrid<\/h2>\t\t\t\t<\/div>\n\t\t\t\t<div class=\"elementor-element elementor-element-6bb9401 elementor-widget-divider--view-line elementor-widget elementor-widget-divider\" data-id=\"6bb9401\" data-element_type=\"widget\" data-e-type=\"widget\" data-widget_type=\"divider.default\">\n\t\t\t\t\t\t\t<div class=\"elementor-divider\">\n\t\t\t<span class=\"elementor-divider-separator\">\n\t\t\t\t\t\t<\/span>\n\t\t<\/div>\n\t\t\t\t\t\t<\/div>\n\t\t\t\t<div class=\"elementor-element elementor-element-fe1ad71 elementor-widget__width-inherit elementor-widget elementor-widget-heading\" data-id=\"fe1ad71\" data-element_type=\"widget\" data-e-type=\"widget\" data-widget_type=\"heading.default\">\n\t\t\t\t\t<h2 class=\"elementor-heading-title elementor-size-default\">Horario  invierno<\/h2>\t\t\t\t<\/div>\n\t\t\t\t<div class=\"elementor-element elementor-element-e4ef83e elementor-widget elementor-widget-heading\" data-id=\"e4ef83e\" data-element_type=\"widget\" data-e-type=\"widget\" data-widget_type=\"heading.default\">\n\t\t\t\t\t<h2 class=\"elementor-heading-title elementor-size-default\">Lunes a Viernes:09:00 \u2013 14:00\/17:00 \u2013 20:00 <br>\n\nS\u00e1bados:09:00 \u2013 14:00<\/h2>\t\t\t\t<\/div>\n\t\t\t\t<div class=\"elementor-element elementor-element-851d449 elementor-widget__width-inherit elementor-widget elementor-widget-heading\" data-id=\"851d449\" data-element_type=\"widget\" data-e-type=\"widget\" data-widget_type=\"heading.default\">\n\t\t\t\t\t<h2 class=\"elementor-heading-title elementor-size-default\">Horario de verano<\/h2>\t\t\t\t<\/div>\n\t\t\t\t<div class=\"elementor-element elementor-element-f0d346d elementor-widget elementor-widget-heading\" data-id=\"f0d346d\" data-element_type=\"widget\" data-e-type=\"widget\" data-widget_type=\"heading.default\">\n\t\t\t\t\t<h2 class=\"elementor-heading-title elementor-size-default\">Lunes a Viernes:09:00 \u2013 14:00\/17:30 \u2013 20:30 <br>\n\nS\u00e1bados:09:00 \u2013 14:00<\/h2>\t\t\t\t<\/div>\n\t\t\t\t<\/div>\n\t\t\t\t\t<\/div>\n\t\t\t\t<\/div>\n\t\t<div class=\"elementor-element elementor-element-e31700a e-flex e-con-boxed e-con e-parent\" data-id=\"e31700a\" data-element_type=\"container\" data-e-type=\"container\">\n\t\t\t\t\t<div class=\"e-con-inner\">\n\t\t\t\t<div class=\"elementor-element elementor-element-3168dda elementor-widget elementor-widget-google_maps\" data-id=\"3168dda\" data-element_type=\"widget\" data-e-type=\"widget\" data-widget_type=\"google_maps.default\">\n\t\t\t\t\t\t\t<div class=\"elementor-custom-embed\">\n\t\t\t<iframe loading=\"lazy\"\n\t\t\t\t\tsrc=\"https:\/\/maps.google.com\/maps?q=Galer%C3%ADa%20Cuatro%20Caminos%2C%20puesto%2064%2C%20Av.%20del%20dos%20de%20Mayo%2C%2024%2C%2028934%20M%C3%B3stoles%2C%20Madrid%E2%80%8B&#038;t=m&#038;z=12&#038;output=embed&#038;iwloc=near\"\n\t\t\t\t\ttitle=\"Galer\u00eda Cuatro Caminos, puesto 64, Av. del dos de Mayo, 24, 28934 M\u00f3stoles, Madrid\u200b\"\n\t\t\t\t\taria-label=\"Galer\u00eda Cuatro Caminos, puesto 64, Av. del dos de Mayo, 24, 28934 M\u00f3stoles, Madrid\u200b\"\n\t\t\t><\/iframe>\n\t\t<\/div>\n\t\t\t\t\t\t<\/div>\n\t\t\t\t\t<\/div>\n\t\t\t\t<\/div>\n\t\t\t\t<\/div>\n\t\t","protected":false},"excerpt":{"rendered":"<p>Completa el formulario y te contactaremos muy pronto. Informaci\u00f3n General Tel\u00e9fono +34 916 144 355 Email jutodime@hotmail.es Direcci\u00f3n Galer\u00eda Cuatro Caminos, puesto 64, Av. del dos de Mayo, 24, 28934 M\u00f3stoles, Madrid Horario invierno Lunes a Viernes:09:00 \u2013 14:00\/17:00 \u2013 20:00 S\u00e1bados:09:00 \u2013 14:00 Horario de verano Lunes a Viernes:09:00 \u2013 14:00\/17:30 \u2013 20:30 S\u00e1bados:09:00 [&hellip;]<\/p>\n","protected":false},"author":1,"featured_media":0,"parent":0,"menu_order":0,"comment_status":"closed","ping_status":"closed","template":"elementor_canvas","meta":{"footnotes":""},"class_list":["post-14","page","type-page","status-publish","hentry"],"yoast_head":"<!-- This site is optimized with the Yoast SEO plugin v27.4 - https:\/\/yoast.com\/product\/yoast-seo-wordpress\/ -->\n<title>Contacto - Poller\u00eda To\u00f1i<\/title>\n<meta name=\"robots\" content=\"index, follow, max-snippet:-1, max-image-preview:large, max-video-preview:-1\" \/>\n<link rel=\"canonical\" href=\"https:\/\/polleriatoni2022.com\/en\/contacto\/\" \/>\n<meta property=\"og:locale\" content=\"en_GB\" \/>\n<meta property=\"og:type\" content=\"article\" \/>\n<meta property=\"og:title\" content=\"Contacto - Poller\u00eda To\u00f1i\" \/>\n<meta property=\"og:description\" content=\"Completa el formulario y te contactaremos muy pronto. Informaci\u00f3n General Tel\u00e9fono +34 916 144 355 Email jutodime@hotmail.es Direcci\u00f3n Galer\u00eda Cuatro Caminos, puesto 64, Av. del dos de Mayo, 24, 28934 M\u00f3stoles, Madrid Horario invierno Lunes a Viernes:09:00 \u2013 14:00\/17:00 \u2013 20:00 S\u00e1bados:09:00 \u2013 14:00 Horario de verano Lunes a Viernes:09:00 \u2013 14:00\/17:30 \u2013 20:30 S\u00e1bados:09:00 [&hellip;]\" \/>\n<meta property=\"og:url\" content=\"https:\/\/polleriatoni2022.com\/en\/contacto\/\" \/>\n<meta property=\"og:site_name\" content=\"Poller\u00eda To\u00f1i\" \/>\n<meta property=\"article:modified_time\" content=\"2026-04-23T15:52:57+00:00\" \/>\n<meta name=\"twitter:card\" content=\"summary_large_image\" \/>\n<meta name=\"twitter:label1\" content=\"Estimated reading time\" \/>\n\t<meta name=\"twitter:data1\" content=\"1 minute\" \/>\n<script type=\"application\/ld+json\" class=\"yoast-schema-graph\">{\"@context\":\"https:\\\/\\\/schema.org\",\"@graph\":[{\"@type\":\"WebPage\",\"@id\":\"https:\\\/\\\/polleriatoni2022.com\\\/contacto\\\/\",\"url\":\"https:\\\/\\\/polleriatoni2022.com\\\/contacto\\\/\",\"name\":\"Contacto - Poller\u00eda To\u00f1i\",\"isPartOf\":{\"@id\":\"https:\\\/\\\/polleriatoni2022.com\\\/#website\"},\"datePublished\":\"2026-04-20T10:20:32+00:00\",\"dateModified\":\"2026-04-23T15:52:57+00:00\",\"breadcrumb\":{\"@id\":\"https:\\\/\\\/polleriatoni2022.com\\\/contacto\\\/#breadcrumb\"},\"inLanguage\":\"en-GB\",\"potentialAction\":[{\"@type\":\"ReadAction\",\"target\":[\"https:\\\/\\\/polleriatoni2022.com\\\/contacto\\\/\"]}]},{\"@type\":\"BreadcrumbList\",\"@id\":\"https:\\\/\\\/polleriatoni2022.com\\\/contacto\\\/#breadcrumb\",\"itemListElement\":[{\"@type\":\"ListItem\",\"position\":1,\"name\":\"Portada\",\"item\":\"https:\\\/\\\/polleriatoni2022.com\\\/\"},{\"@type\":\"ListItem\",\"position\":2,\"name\":\"Contacto\"}]},{\"@type\":\"WebSite\",\"@id\":\"https:\\\/\\\/polleriatoni2022.com\\\/#website\",\"url\":\"https:\\\/\\\/polleriatoni2022.com\\\/\",\"name\":\"Poller\u00eda To\u00f1i\",\"description\":\"\",\"publisher\":{\"@id\":\"https:\\\/\\\/polleriatoni2022.com\\\/#organization\"},\"potentialAction\":[{\"@type\":\"SearchAction\",\"target\":{\"@type\":\"EntryPoint\",\"urlTemplate\":\"https:\\\/\\\/polleriatoni2022.com\\\/?s={search_term_string}\"},\"query-input\":{\"@type\":\"PropertyValueSpecification\",\"valueRequired\":true,\"valueName\":\"search_term_string\"}}],\"inLanguage\":\"en-GB\"},{\"@type\":\"Organization\",\"@id\":\"https:\\\/\\\/polleriatoni2022.com\\\/#organization\",\"name\":\"Poller\u00eda To\u00f1i\",\"url\":\"https:\\\/\\\/polleriatoni2022.com\\\/\",\"logo\":{\"@type\":\"ImageObject\",\"inLanguage\":\"en-GB\",\"@id\":\"https:\\\/\\\/polleriatoni2022.com\\\/#\\\/schema\\\/logo\\\/image\\\/\",\"url\":\"https:\\\/\\\/polleriatoni2022.com\\\/wp-content\\\/uploads\\\/2026\\\/04\\\/polleriatoni202604_logo_web-scaled.png\",\"contentUrl\":\"https:\\\/\\\/polleriatoni2022.com\\\/wp-content\\\/uploads\\\/2026\\\/04\\\/polleriatoni202604_logo_web-scaled.png\",\"width\":2286,\"height\":2560,\"caption\":\"Poller\u00eda To\u00f1i \"},\"image\":{\"@id\":\"https:\\\/\\\/polleriatoni2022.com\\\/#\\\/schema\\\/logo\\\/image\\\/\"}}]}<\/script>\n<!-- \/ Yoast SEO plugin. -->","yoast_head_json":{"title":"Contacto - Poller\u00eda To\u00f1i","robots":{"index":"index","follow":"follow","max-snippet":"max-snippet:-1","max-image-preview":"max-image-preview:large","max-video-preview":"max-video-preview:-1"},"canonical":"https:\/\/polleriatoni2022.com\/en\/contacto\/","og_locale":"en_GB","og_type":"article","og_title":"Contacto - Poller\u00eda To\u00f1i","og_description":"Completa el formulario y te contactaremos muy pronto. Informaci\u00f3n General Tel\u00e9fono +34 916 144 355 Email jutodime@hotmail.es Direcci\u00f3n Galer\u00eda Cuatro Caminos, puesto 64, Av. del dos de Mayo, 24, 28934 M\u00f3stoles, Madrid Horario invierno Lunes a Viernes:09:00 \u2013 14:00\/17:00 \u2013 20:00 S\u00e1bados:09:00 \u2013 14:00 Horario de verano Lunes a Viernes:09:00 \u2013 14:00\/17:30 \u2013 20:30 S\u00e1bados:09:00 [&hellip;]","og_url":"https:\/\/polleriatoni2022.com\/en\/contacto\/","og_site_name":"Poller\u00eda To\u00f1i","article_modified_time":"2026-04-23T15:52:57+00:00","twitter_card":"summary_large_image","twitter_misc":{"Estimated reading time":"1 minute"},"schema":{"@context":"https:\/\/schema.org","@graph":[{"@type":"WebPage","@id":"https:\/\/polleriatoni2022.com\/contacto\/","url":"https:\/\/polleriatoni2022.com\/contacto\/","name":"Contacto - Poller\u00eda To\u00f1i","isPartOf":{"@id":"https:\/\/polleriatoni2022.com\/#website"},"datePublished":"2026-04-20T10:20:32+00:00","dateModified":"2026-04-23T15:52:57+00:00","breadcrumb":{"@id":"https:\/\/polleriatoni2022.com\/contacto\/#breadcrumb"},"inLanguage":"en-GB","potentialAction":[{"@type":"ReadAction","target":["https:\/\/polleriatoni2022.com\/contacto\/"]}]},{"@type":"BreadcrumbList","@id":"https:\/\/polleriatoni2022.com\/contacto\/#breadcrumb","itemListElement":[{"@type":"ListItem","position":1,"name":"Portada","item":"https:\/\/polleriatoni2022.com\/"},{"@type":"ListItem","position":2,"name":"Contacto"}]},{"@type":"WebSite","@id":"https:\/\/polleriatoni2022.com\/#website","url":"https:\/\/polleriatoni2022.com\/","name":"Poller\u00eda To\u00f1i","description":"","publisher":{"@id":"https:\/\/polleriatoni2022.com\/#organization"},"potentialAction":[{"@type":"SearchAction","target":{"@type":"EntryPoint","urlTemplate":"https:\/\/polleriatoni2022.com\/?s={search_term_string}"},"query-input":{"@type":"PropertyValueSpecification","valueRequired":true,"valueName":"search_term_string"}}],"inLanguage":"en-GB"},{"@type":"Organization","@id":"https:\/\/polleriatoni2022.com\/#organization","name":"Poller\u00eda To\u00f1i","url":"https:\/\/polleriatoni2022.com\/","logo":{"@type":"ImageObject","inLanguage":"en-GB","@id":"https:\/\/polleriatoni2022.com\/#\/schema\/logo\/image\/","url":"https:\/\/polleriatoni2022.com\/wp-content\/uploads\/2026\/04\/polleriatoni202604_logo_web-scaled.png","contentUrl":"https:\/\/polleriatoni2022.com\/wp-content\/uploads\/2026\/04\/polleriatoni202604_logo_web-scaled.png","width":2286,"height":2560,"caption":"Poller\u00eda To\u00f1i "},"image":{"@id":"https:\/\/polleriatoni2022.com\/#\/schema\/logo\/image\/"}}]}},"_links":{"self":[{"href":"https:\/\/polleriatoni2022.com\/en\/wp-json\/wp\/v2\/pages\/14","targetHints":{"allow":["GET"]}}],"collection":[{"href":"https:\/\/polleriatoni2022.com\/en\/wp-json\/wp\/v2\/pages"}],"about":[{"href":"https:\/\/polleriatoni2022.com\/en\/wp-json\/wp\/v2\/types\/page"}],"author":[{"embeddable":true,"href":"https:\/\/polleriatoni2022.com\/en\/wp-json\/wp\/v2\/users\/1"}],"replies":[{"embeddable":true,"href":"https:\/\/polleriatoni2022.com\/en\/wp-json\/wp\/v2\/comments?post=14"}],"version-history":[{"count":70,"href":"https:\/\/polleriatoni2022.com\/en\/wp-json\/wp\/v2\/pages\/14\/revisions"}],"predecessor-version":[{"id":398,"href":"https:\/\/polleriatoni2022.com\/en\/wp-json\/wp\/v2\/pages\/14\/revisions\/398"}],"wp:attachment":[{"href":"https:\/\/polleriatoni2022.com\/en\/wp-json\/wp\/v2\/media?parent=14"}],"curies":[{"name":"wp","href":"https:\/\/api.w.org\/{rel}","templated":true}]}}